 {"id":13469,"date":"2023-05-25T14:09:37","date_gmt":"2023-05-25T12:09:37","guid":{"rendered":"https:\/\/empresesambproposit.cat\/por-una-economia-con-proposito\/que-implica-adherirse-al-manifiesto-y-como-gestionarlo\/"},"modified":"2023-06-06T16:03:27","modified_gmt":"2023-06-06T14:03:27","slug":"que-implica-adherirse-al-manifiesto-y-como-gestionarlo","status":"publish","type":"page","link":"https:\/\/empresesambproposit.cat\/es\/inicio\/que-implica-adherirse-al-manifiesto-y-como-gestionarlo\/","title":{"rendered":"\u00bfQu\u00e9 implica adherirse al Manifiesto y c\u00f3mo gestionarlo?"},"content":{"rendered":"<div id=\"pl-13469\"  class=\"panel-layout\" ><div id=\"pg-13469-0\"  class=\"panel-grid panel-no-style\" ><div id=\"pgc-13469-0-0\"  class=\"panel-grid-cell\" ><div id=\"panel-13469-0-0-0\" class=\"so-panel widget widget_sow-editor panel-first-child panel-last-child\" data-index=\"0\" ><div\n\t\t\t\n\t\t\tclass=\"so-widget-sow-editor so-widget-sow-editor-base\"\n\t\t\t\n\t\t>\n<div class=\"siteorigin-widget-tinymce textwidget\">\n\t<p style=\"text-align: center;\">La adhesi\u00f3n al Manifiesto supone un compromiso con una forma de hacer. Adem\u00e1s, como concreci\u00f3n, el Manifiesto detalla el compromiso de elaborar un prop\u00f3sito de su empresa antes de 2025 y de realizar acciones que generen impactos antes de 2030.<\/p>\n<p style=\"text-align: center;\">Le ofrecemos un posible ejemplo de qu\u00e9 pasos sugerimos que se podr\u00edan tener en cuenta:<\/p>\n<\/div>\n<\/div><\/div><\/div><\/div><div id=\"pg-13469-1\"  class=\"panel-grid panel-no-style\" ><div id=\"pgc-13469-1-0\"  class=\"panel-grid-cell\" ><div id=\"panel-13469-1-0-0\" class=\"so-panel widget widget_sow-icon panel-first-child\" data-index=\"1\" ><div\n\t\t\t\n\t\t\tclass=\"so-widget-sow-icon so-widget-sow-icon-default-dadb275142ab-13469\"\n\t\t\t\n\t\t>\n<div class=\"sow-icon-container sow-icon\">\n\t\t\t<span class=\"sow-icon-icomoon\" data-sow-icon=\"&#xe905;\"\n\t\t title=\"Formalizar la adhesi\u00f3n al Manifiesto\"\n\t\taria-hidden=\"true\"><\/span>\t<\/div>\n<\/div><\/div><div id=\"panel-13469-1-0-1\" class=\"so-panel widget widget_sow-editor panel-last-child\" data-index=\"2\" ><div class=\"panel-widget-style panel-widget-style-for-13469-1-0-1\" ><div\n\t\t\t\n\t\t\tclass=\"so-widget-sow-editor so-widget-sow-editor-base\"\n\t\t\t\n\t\t>\n<div class=\"siteorigin-widget-tinymce textwidget\">\n\t<p style=\"text-align: center;\">Formalizar la adhesi\u00f3n al Manifiesto<\/p>\n<\/div>\n<\/div><\/div><\/div><\/div><div id=\"pgc-13469-1-1\"  class=\"panel-grid-cell\" ><div id=\"panel-13469-1-1-0\" class=\"so-panel widget widget_sow-editor panel-first-child panel-last-child\" data-index=\"3\" ><div\n\t\t\t\n\t\t\tclass=\"so-widget-sow-editor so-widget-sow-editor-base\"\n\t\t\t\n\t\t>\n<div class=\"siteorigin-widget-tinymce textwidget\">\n\t<p>PARA FORMALIZAR LA ADHESI\u00d3N AL MANIFIESTO<\/p>\n<ul>\n<li><strong>Entender qu\u00e9 es<\/strong> el prop\u00f3sito (orientaci\u00f3n a la creaci\u00f3n de valor compartido, tener en cuenta a los grupos de inter\u00e9s...).<\/li>\n<li><strong>Decidir la adhesi\u00f3n<\/strong> al Manifiesto por parte del m\u00e1ximo \u00f3rgano de gobierno (consejo de administraci\u00f3n, junta de socios...) y, en consecuencia, predisponerse a elaborar un prop\u00f3sito antes de 2025.<\/li>\n<li><strong>Formalizar la adhesi\u00f3n<\/strong> al \u201cManifiesto...\u201d a trav\u00e9s del portal <a href=\"http:\/\/www.empresesambproposit.cat\">empresesambproposit.cat<\/a>. A continuaci\u00f3n se recibir\u00e1n unos materiales adicionales para facilitar el proceso a seguir y realizar un diagn\u00f3stico.<\/li>\n<\/ul>\n<\/div>\n<\/div><\/div><\/div><\/div><div id=\"pg-13469-2\"  class=\"panel-grid panel-no-style\" ><div id=\"pgc-13469-2-0\"  class=\"panel-grid-cell\" ><div id=\"panel-13469-2-0-0\" class=\"so-panel widget widget_sow-icon panel-first-child\" data-index=\"4\" ><div\n\t\t\t\n\t\t\tclass=\"so-widget-sow-icon so-widget-sow-icon-default-dadb275142ab-13469\"\n\t\t\t\n\t\t>\n<div class=\"sow-icon-container sow-icon\">\n\t\t\t<span class=\"sow-icon-icomoon\" data-sow-icon=\"&#xe91b;\"\n\t\t title=\"Declaraci\u00f3n de prop\u00f3sito\"\n\t\taria-hidden=\"true\"><\/span>\t<\/div>\n<\/div><\/div><div id=\"panel-13469-2-0-1\" class=\"so-panel widget widget_sow-editor panel-last-child\" data-index=\"5\" ><div class=\"panel-widget-style panel-widget-style-for-13469-2-0-1\" ><div\n\t\t\t\n\t\t\tclass=\"so-widget-sow-editor so-widget-sow-editor-base\"\n\t\t\t\n\t\t>\n<div class=\"siteorigin-widget-tinymce textwidget\">\n\t<p style=\"text-align: center;\">Declaraci\u00f3n de prop\u00f3sito<\/p>\n<\/div>\n<\/div><\/div><\/div><\/div><div id=\"pgc-13469-2-1\"  class=\"panel-grid-cell\" ><div id=\"panel-13469-2-1-0\" class=\"so-panel widget widget_sow-editor panel-first-child panel-last-child\" data-index=\"6\" ><div\n\t\t\t\n\t\t\tclass=\"so-widget-sow-editor so-widget-sow-editor-base\"\n\t\t\t\n\t\t>\n<div class=\"siteorigin-widget-tinymce textwidget\">\n\t<p>PARA ELABORAR UNA DECLARACI\u00d3N DE PROP\u00d3SITO<\/p>\n<ul>\n<li><strong>Realizar un diagn\u00f3stico<\/strong> y dilucidar si nuestra empresa est\u00e1 preparada para orientarse a un prop\u00f3sito (asegurar que no sea un enfoque superficial si la empresa no dispone de unos m\u00ednimos de cumplimiento legal y gesti\u00f3n responsable). Siempre est\u00e1 a tiempo de renunciar al compromiso o pedir consejo para resolver dudas.<\/li>\n<li><strong>Elaborar una declaraci\u00f3n de prop\u00f3sito<\/strong>, teniendo en cuenta la cultura organizacional, valores de la empresa, posicionamiento, estrategia, actividad econ\u00f3mica, \u00e1mbito sectorial y territorial, impactos que genera (social, ambiental, laboral...),<\/li>\n<li><strong>Idear posibles acciones<\/strong> para hacerlo real, generando impactos positivos concretos y tangibles. Se trata de una primera lista para ayudar a perfilar el redactado definitivo.<\/li>\n<li><strong>Aprobaci\u00f3n<\/strong> por parte del m\u00e1ximo \u00f3rgano de gobierno (consejo de administraci\u00f3n, junta de socios...).<\/li>\n<\/ul>\n<\/div>\n<\/div><\/div><\/div><\/div><div id=\"pg-13469-3\"  class=\"panel-grid panel-no-style\" ><div id=\"pgc-13469-3-0\"  class=\"panel-grid-cell\" ><div id=\"panel-13469-3-0-0\" class=\"so-panel widget widget_sow-icon panel-first-child\" data-index=\"7\" ><div\n\t\t\t\n\t\t\tclass=\"so-widget-sow-icon so-widget-sow-icon-default-dadb275142ab-13469\"\n\t\t\t\n\t\t>\n<div class=\"sow-icon-container sow-icon\">\n\t\t\t<span class=\"sow-icon-icomoon\" data-sow-icon=\"&#xe97f;\"\n\t\t title=\"Desarrollar el prop\u00f3sito\"\n\t\taria-hidden=\"true\"><\/span>\t<\/div>\n<\/div><\/div><div id=\"panel-13469-3-0-1\" class=\"so-panel widget widget_sow-editor panel-last-child\" data-index=\"8\" ><div class=\"panel-widget-style panel-widget-style-for-13469-3-0-1\" ><div\n\t\t\t\n\t\t\tclass=\"so-widget-sow-editor so-widget-sow-editor-base\"\n\t\t\t\n\t\t>\n<div class=\"siteorigin-widget-tinymce textwidget\">\n\t<p style=\"text-align: center;\">Desarrollar el prop\u00f3sito<\/p>\n<\/div>\n<\/div><\/div><\/div><\/div><div id=\"pgc-13469-3-1\"  class=\"panel-grid-cell\" ><div id=\"panel-13469-3-1-0\" class=\"so-panel widget widget_sow-editor panel-first-child panel-last-child\" data-index=\"9\" ><div\n\t\t\t\n\t\t\tclass=\"so-widget-sow-editor so-widget-sow-editor-base\"\n\t\t\t\n\t\t>\n<div class=\"siteorigin-widget-tinymce textwidget\">\n\t<p>PARA DESARROLLAR EL PROP\u00d3SITO ANTES DE 2025<\/p>\n<ul>\n<li><strong>Asegurar que queda formalizado<\/strong> dentro de la estructura de gesti\u00f3n, integraci\u00f3n en los procedimientos de gesti\u00f3n y toma de decisiones (por ejemplo, como pol\u00edtica de empresa...).<\/li>\n<li><strong>Detectar a los inductores para el cambio<\/strong>: formaci\u00f3n y sensibilizaci\u00f3n, liderazgo para el prop\u00f3sito y empoderamiento de personas clave que lideren su implantaci\u00f3n.<\/li>\n<li>Fomentar un espacio de <strong>participaci\u00f3n de los grupos de inter\u00e9s<\/strong> para realizar propuestas en torno al prop\u00f3sito y de qu\u00e9 acciones se podr\u00edan llevar a cabo para generar los mejores impactos.<\/li>\n<li>Definir por parte de la empresa cu\u00e1les son las <strong>acciones que se asumen<\/strong> como compromiso a llevar a cabo en los pr\u00f3ximos a\u00f1os, con el compromiso de rendir cuentas de qu\u00e9 desarrollo e impacto est\u00e1n teniendo.<\/li>\n<li>Definir el <strong>plan de implantaci\u00f3n<\/strong> y la capacidad de generar impacto, con fases, objetivos e indicadores de seguimiento y asignar recursos para acometer los cambios necesarios progresivamente.<\/li>\n<\/ul>\n<\/div>\n<\/div><\/div><\/div><\/div><div id=\"pg-13469-4\"  class=\"panel-grid panel-no-style\" ><div id=\"pgc-13469-4-0\"  class=\"panel-grid-cell\" ><div id=\"panel-13469-4-0-0\" class=\"so-panel widget widget_sow-icon panel-first-child\" data-index=\"10\" ><div\n\t\t\t\n\t\t\tclass=\"so-widget-sow-icon so-widget-sow-icon-default-dadb275142ab-13469\"\n\t\t\t\n\t\t>\n<div class=\"sow-icon-container sow-icon\">\n\t\t\t<span class=\"sow-icon-icomoon\" data-sow-icon=\"&#xe9ca;\"\n\t\t title=\"Mostrar el prop\u00f3sito\"\n\t\taria-hidden=\"true\"><\/span>\t<\/div>\n<\/div><\/div><div id=\"panel-13469-4-0-1\" class=\"so-panel widget widget_sow-editor panel-last-child\" data-index=\"11\" ><div class=\"panel-widget-style panel-widget-style-for-13469-4-0-1\" ><div\n\t\t\t\n\t\t\tclass=\"so-widget-sow-editor so-widget-sow-editor-base\"\n\t\t\t\n\t\t>\n<div class=\"siteorigin-widget-tinymce textwidget\">\n\t<p style=\"text-align: center;\">Mostrar el prop\u00f3sito<\/p>\n<\/div>\n<\/div><\/div><\/div><\/div><div id=\"pgc-13469-4-1\"  class=\"panel-grid-cell\" ><div id=\"panel-13469-4-1-0\" class=\"so-panel widget widget_sow-editor panel-first-child panel-last-child\" data-index=\"12\" ><div\n\t\t\t\n\t\t\tclass=\"so-widget-sow-editor so-widget-sow-editor-base\"\n\t\t\t\n\t\t>\n<div class=\"siteorigin-widget-tinymce textwidget\">\n\t<p>PARA MOSTRAR EL COMPROMISO<\/p>\n<ul>\n<li>Incorporar en la <em>landing page<\/em> un enlace a la web corporativa donde se encuentre el prop\u00f3sito y el <strong>rendimiento de cuentas<\/strong> (acciones que se llevan a cabo e indicadores de seguimiento).<\/li>\n<\/ul>\n<\/div>\n<\/div><\/div><\/div><\/div><div id=\"pg-13469-5\"  class=\"panel-grid panel-no-style\" ><div id=\"pgc-13469-5-0\"  class=\"panel-grid-cell panel-grid-cell-empty\" ><\/div><\/div><\/div>","protected":false},"excerpt":{"rendered":"<p>La adhesi\u00f3n al Manifiesto supone un compromiso con una forma de hacer. Adem\u00e1s, como concreci\u00f3n, el Manifiesto detalla el compromiso de elaborar un prop\u00f3sito de su empresa antes de 2025 y de realizar acciones que generen impactos antes de 2030. Le ofrecemos un posible ejemplo de qu\u00e9 pasos sugerimos que se podr\u00edan tener en cuenta: Formalizar la adhesi\u00f3n al Manifiesto<\/p>\n","protected":false},"author":19,"featured_media":0,"parent":13651,"menu_order":0,"comment_status":"closed","ping_status":"closed","template":"page-templates\/full-width.php","meta":{"_monsterinsights_skip_tracking":false,"_monsterinsights_sitenote_active":false,"_monsterinsights_sitenote_note":"","_monsterinsights_sitenote_category":0,"footnotes":""},"class_list":["post-13469","page","type-page","status-publish","hentry"],"_links":{"self":[{"href":"https:\/\/empresesambproposit.cat\/es\/wp-json\/wp\/v2\/pages\/13469","targetHints":{"allow":["GET"]}}],"collection":[{"href":"https:\/\/empresesambproposit.cat\/es\/wp-json\/wp\/v2\/pages"}],"about":[{"href":"https:\/\/empresesambproposit.cat\/es\/wp-json\/wp\/v2\/types\/page"}],"author":[{"embeddable":true,"href":"https:\/\/empresesambproposit.cat\/es\/wp-json\/wp\/v2\/users\/19"}],"replies":[{"embeddable":true,"href":"https:\/\/empresesambproposit.cat\/es\/wp-json\/wp\/v2\/comments?post=13469"}],"version-history":[{"count":4,"href":"https:\/\/empresesambproposit.cat\/es\/wp-json\/wp\/v2\/pages\/13469\/revisions"}],"predecessor-version":[{"id":13504,"href":"https:\/\/empresesambproposit.cat\/es\/wp-json\/wp\/v2\/pages\/13469\/revisions\/13504"}],"up":[{"embeddable":true,"href":"https:\/\/empresesambproposit.cat\/es\/wp-json\/wp\/v2\/pages\/13651"}],"wp:attachment":[{"href":"https:\/\/empresesambproposit.cat\/es\/wp-json\/wp\/v2\/media?parent=13469"}],"curies":[{"name":"wp","href":"https:\/\/api.w.org\/{rel}","templated":true}]}}