 {"id":13470,"date":"2023-05-25T14:29:51","date_gmt":"2023-05-25T12:29:51","guid":{"rendered":"https:\/\/empresesambproposit.cat\/por-una-economia-con-proposito\/preguntas-mas-frecuentes\/"},"modified":"2023-06-06T16:03:27","modified_gmt":"2023-06-06T14:03:27","slug":"preguntas-mas-frecuentes","status":"publish","type":"page","link":"https:\/\/empresesambproposit.cat\/es\/inicio\/preguntas-mas-frecuentes\/","title":{"rendered":"Preguntas m\u00e1s frecuentes"},"content":{"rendered":"<div id=\"pl-13470\"  class=\"panel-layout\" ><div id=\"pg-13470-0\"  class=\"panel-grid panel-no-style\" ><div id=\"pgc-13470-0-0\"  class=\"panel-grid-cell\" ><div id=\"panel-13470-0-0-0\" class=\"so-panel widget widget_sow-editor panel-first-child panel-last-child\" data-index=\"0\" ><div\n\t\t\t\n\t\t\tclass=\"so-widget-sow-editor so-widget-sow-editor-base\"\n\t\t\t\n\t\t>\n<div class=\"siteorigin-widget-tinymce textwidget\">\n\t<ol>\n<li><strong> \u00bfQu\u00e9 es un prop\u00f3sito empresarial?<\/strong><\/li>\n<\/ol>\n<p>Un prop\u00f3sito empresarial es la raz\u00f3n de ser de una empresa m\u00e1s all\u00e1 de generar beneficios, es decir, una declaraci\u00f3n clara de los valores, creencias y aspiraciones de una empresa en t\u00e9rminos de su responsabilidad social y su visi\u00f3n a largo plazo.<\/p>\n<ol start=\"2\">\n<li><strong> \u00bfC\u00f3mo puede una empresa desarrollar un prop\u00f3sito empresarial?<\/strong><\/li>\n<\/ol>\n<p>Una empresa puede desarrollar su prop\u00f3sito empresarial investigando las necesidades sociales, laborales, ambientales, econ\u00f3micas y \u00e9ticas de sus grupos de inter\u00e9s y definiendo c\u00f3mo su misi\u00f3n y visi\u00f3n pueden ayudar a mejorar la sociedad.<\/p>\n<ol start=\"3\">\n<li><strong> \u00bfPor qu\u00e9 es importante que las empresas tengan un prop\u00f3sito empresarial?<\/strong><\/li>\n<\/ol>\n<p>Tener un prop\u00f3sito empresarial ayuda a las empresas a ser m\u00e1s conscientes de su responsabilidad social y a convertirse en un agente de cambio positivo en la sociedad. Tambi\u00e9n ayuda a las empresas a tomar decisiones m\u00e1s estrat\u00e9gicas y a generar un sentimiento de compromiso entre sus equipos y accionistas.<\/p>\n<ol start=\"4\">\n<li><strong> \u00bfQu\u00e9 impacto tiene un prop\u00f3sito empresarial en las decisiones empresariales?<\/strong><\/li>\n<\/ol>\n<p>Un prop\u00f3sito empresarial ayuda a las empresas a tomar decisiones m\u00e1s informadas que tengan en cuenta sus obligaciones para con la sociedad. Esto puede incluir decidir qu\u00e9 productos y servicios ofrecer, c\u00f3mo desarrollarlos, c\u00f3mo gestionar los proveedores y c\u00f3mo reducir el impacto ambiental de su actividad.<\/p>\n<ol start=\"5\">\n<li><strong> \u00bfC\u00f3mo se mide el \u00e9xito de los esfuerzos de una empresa por implementar su prop\u00f3sito corporativo?<\/strong><\/li>\n<\/ol>\n<p>El \u00e9xito de una empresa en el despliegue de su prop\u00f3sito se puede medir por diferentes indicadores, como el grado de satisfacci\u00f3n de sus grupos de inter\u00e9s, su contribuci\u00f3n al bienestar social y ambiental, su reputaci\u00f3n empresarial o su capacidad para atraer y retener talento.<\/p>\n<ol start=\"6\">\n<li><strong> \u00bfQui\u00e9n es responsable de desarrollar e implementar un prop\u00f3sito empresarial en una empresa?<\/strong><\/li>\n<\/ol>\n<p>El desarrollo y la implementaci\u00f3n de un prop\u00f3sito empresarial suele estar en manos de la direcci\u00f3n de la empresa y sobre todo del consejo de administraci\u00f3n o el m\u00e1ximo \u00f3rgano de decisi\u00f3n que corresponda, pero al margen de quien lo apruebe es bueno que pueda implicar a los propios equipos y otros grupos de inter\u00e9s.<\/p>\n<ol start=\"7\">\n<li><strong> \u00bfQu\u00e9 beneficios puede generar un prop\u00f3sito empresarial para las empresas?<\/strong><\/li>\n<\/ol>\n<p>Un prop\u00f3sito empresarial puede aportar beneficios para las empresas, como mejorar su reputaci\u00f3n, aumentar su fidelizaci\u00f3n de clientes y trabajadores, mejorar su cultura corporativa y permitirles anticiparse a los cambios del mercado. Tambi\u00e9n puede ayudar a las empresas a mitigar riesgos financieros, regulares y de reputaci\u00f3n.<\/p>\n<ol start=\"8\">\n<li><strong> \u00bfC\u00f3mo debe comunicarse el prop\u00f3sito empresarial de la empresa?<\/strong><\/li>\n<\/ol>\n<p>El prop\u00f3sito empresarial de una empresa debe ser comunicado de forma clara y transparente a sus equipos internos, accionistas, clientela y otros grupos de inter\u00e9s, para as\u00ed generar un sentimiento de compromiso y confianza hacia la empresa. Esto puede realizarse a trav\u00e9s de las redes sociales, informes de sostenibilidad, comunicados de prensa, el web corporativo y otros canales de comunicaci\u00f3n.<\/p>\n<ol start=\"9\">\n<li><strong> \u00bfLas organizaciones no mercantiles tambi\u00e9n pueden tener un prop\u00f3sito?<\/strong><\/li>\n<\/ol>\n<p>De la misma forma que todo tipo de organizaci\u00f3n, sea mercantil, social o p\u00fablica, puede tener una misi\u00f3n y unos valores corporativos, puede elaborar un prop\u00f3sito y orientar su estrategia. Poner foco y orientar la energ\u00eda de la organizaci\u00f3n es conveniente para todas, al margen del tipo de actividad que desarrollen.<\/p>\n<ol start=\"10\">\n \t<!-- \n\n<li><strong> Com es gestiona....<\/strong><\/li>\n\n\n\n-->\n<\/ol>\n<\/div>\n<\/div><\/div><\/div><\/div><\/div>","protected":false},"excerpt":{"rendered":"<p>\u00bfQu\u00e9 es un prop\u00f3sito empresarial? Un prop\u00f3sito empresarial es la raz\u00f3n de ser de una empresa m\u00e1s all\u00e1 de generar beneficios, es decir, una declaraci\u00f3n clara de los valores, creencias y aspiraciones de una empresa en t\u00e9rminos de su responsabilidad social y su visi\u00f3n a largo plazo. \u00bfC\u00f3mo puede una empresa desarrollar un prop\u00f3sito empresarial? Una empresa puede desarrollar su [&hellip;]<\/p>\n","protected":false},"author":19,"featured_media":0,"parent":13651,"menu_order":0,"comment_status":"closed","ping_status":"closed","template":"page-templates\/full-width.php","meta":{"_monsterinsights_skip_tracking":false,"_monsterinsights_sitenote_active":false,"_monsterinsights_sitenote_note":"","_monsterinsights_sitenote_category":0,"footnotes":""},"class_list":["post-13470","page","type-page","status-publish","hentry"],"_links":{"self":[{"href":"https:\/\/empresesambproposit.cat\/es\/wp-json\/wp\/v2\/pages\/13470","targetHints":{"allow":["GET"]}}],"collection":[{"href":"https:\/\/empresesambproposit.cat\/es\/wp-json\/wp\/v2\/pages"}],"about":[{"href":"https:\/\/empresesambproposit.cat\/es\/wp-json\/wp\/v2\/types\/page"}],"author":[{"embeddable":true,"href":"https:\/\/empresesambproposit.cat\/es\/wp-json\/wp\/v2\/users\/19"}],"replies":[{"embeddable":true,"href":"https:\/\/empresesambproposit.cat\/es\/wp-json\/wp\/v2\/comments?post=13470"}],"version-history":[{"count":2,"href":"https:\/\/empresesambproposit.cat\/es\/wp-json\/wp\/v2\/pages\/13470\/revisions"}],"predecessor-version":[{"id":13505,"href":"https:\/\/empresesambproposit.cat\/es\/wp-json\/wp\/v2\/pages\/13470\/revisions\/13505"}],"up":[{"embeddable":true,"href":"https:\/\/empresesambproposit.cat\/es\/wp-json\/wp\/v2\/pages\/13651"}],"wp:attachment":[{"href":"https:\/\/empresesambproposit.cat\/es\/wp-json\/wp\/v2\/media?parent=13470"}],"curies":[{"name":"wp","href":"https:\/\/api.w.org\/{rel}","templated":true}]}}