 {"id":13507,"date":"2023-05-23T15:00:30","date_gmt":"2023-05-23T13:00:30","guid":{"rendered":"https:\/\/empresesambproposit.cat\/politica-de-privacidad\/"},"modified":"2023-06-06T16:03:28","modified_gmt":"2023-06-06T14:03:28","slug":"politica-de-privacidad","status":"publish","type":"page","link":"https:\/\/empresesambproposit.cat\/es\/politica-de-privacidad\/","title":{"rendered":"Pol\u00edtica de privacidad"},"content":{"rendered":"<div id=\"pl-13507\"  class=\"panel-layout\" ><div id=\"pg-13507-0\"  class=\"panel-grid panel-no-style\" ><div id=\"pgc-13507-0-0\"  class=\"panel-grid-cell\" ><div id=\"panel-13507-0-0-0\" class=\"so-panel widget widget_sow-editor panel-first-child panel-last-child\" data-index=\"0\" ><div\n\t\t\t\n\t\t\tclass=\"so-widget-sow-editor so-widget-sow-editor-base\"\n\t\t\t\n\t\t>\n<div class=\"siteorigin-widget-tinymce textwidget\">\n\t<h2 class=\"small\">Pol\u00edtica de privacidad de datos personales y de env\u00edo de comunicaciones<\/h2>\n<h3 class=\"small\">Declaraci\u00f3n responsable<\/h3>\n<p class=\"small\">La web www.empresesambproposit.cat es propiedad de Associaci\u00f3 Respon.cat, iniciativa per al desenvolupament de la responsabilitat social a Catalunya<br \/>\n(en adelante Respon.cat). Respon.cat es una asociaci\u00f3n sin \u00e1nimo de lucro que naci\u00f3 para ser el organismo empresarial de referencia en RSE en Catalunya.<\/p>\n<p class=\"small\">Respon.cat manifiesta la voluntad de hacer llegar el mensaje de responsabilidad social a las empresas y organizaciones sensibles e interesadas por medio de los canales de comunicaci\u00f3n al alcance, haciendo un uso responsable de los env\u00edos, sin producir correo basura ni interferencias no deseadas en la privacidad de los buzones corporativos o personales. Por eso, los env\u00edos masivos o automatizados solo se realizan a destinatarios que han verificado que efectivamente quieren recibir esta informaci\u00f3n.<\/p>\n<p class=\"small\">Declaramos que Respon.cat trata de forma respetuosa los datos personales de los que dispone, no comercializa y los mantiene protegidos para evitar usos no deseados.<\/p>\n<h3 class=\"small\">\u00bfQui\u00e9n es responsable del tratamiento de sus datos personales?<\/h3>\n<p class=\"small\">Responsable del tratamiento:<\/p>\n<p class=\"small\">Associaci\u00f3 Respon.cat, iniciativa empresarial per al desenvolupament de la responsabilitat social a Catalunya.<br \/>\nNIF G66510306 (VAT NIF ESG66510306)<br \/>\nDirecci\u00f3n: Av. Diagonal 452-454 \u00b7 08006 Barcelona.<\/p>\n<h3 class=\"small\">\u00bfCon qu\u00e9 finalidad tratamos sus datos personales?<\/h3>\n<p>Respon.cat se relaciona preferentemente con empresas y organizaciones, y consecuentemente tratamos datos corporativos, que pueden incluir los correspondientes a las personas de contacto para los diferentes programas o acciones. La finalidad de estos datos es gestionar la vinculaci\u00f3n con nuestra entidad y programas. Respon.cat es una asociaci\u00f3n sin \u00e1nimo de lucro, que no vende las bases de datos ni hace uso lucrativo.<\/p>\n<p>De acuerdo con cada base de datos, su uso ser\u00e1 el siguiente:<\/p>\n<p class=\"small\">1. Empresas miembros: convocar asambleas, gestionar las cuotas, mantener la relaci\u00f3n en referencia al plan de acci\u00f3n anual, y todas aquellas derivadas del normal funcionamiento de la organizaci\u00f3n.<\/p>\n<p class=\"small\">2. Newsletter: enviar de forma automatizada la informaci\u00f3n que Respon.cat elabora para los destinatarios que han solicitado recibirla mediante el formulario p\u00fablico.<\/p>\n<p>3. Bolet\u00edn interno: enviar de forma automatizada informaci\u00f3n del funcionamiento interno de Respon.cat a los buzones de las empresas miembros que \u00e9stas hayan indicado.<\/p>\n<p class=\"small\">4. Observatorio de Desarrollo Sostenible: disponer de una relaci\u00f3n de empresas comprometidas con la Responsabilidad Social con las que peri\u00f3dicamente se realizan estudios. Las empresas forman parte del mismo voluntariamente. Anualmente se les invita a cumplimentar una encuesta online relativa a c\u00f3mo gestionan su RSE y posteriormente se les informa de los resultados. Los informes que se publicar\u00e1n ser\u00e1n siempre de datos agregados y no se har\u00e1 referencia a ninguna empresa ni persona, salvo cuando deban comunicarse buenas pr\u00e1cticas concretas con el consentimiento expl\u00edcito de la empresa.<\/p>\n<p class=\"small\">5. Eventos: gestionar la participaci\u00f3n en el evento y enviar la informaci\u00f3n posterior.<\/p>\n<p class=\"small\">6. Cursos, RSE.Pyme y Premios: gestionar la participaci\u00f3n en el curso, enviar la informaci\u00f3n posterior y de otras convocatorias y certificar la asistencia.<\/p>\n<p class=\"small\">Las bases de datos de que disponemos con datos personales, sujetos al RGPD, son:<\/p>\n<p class=\"small\">7. Miembros de la junta directiva<br \/>\n8. Personas trabajadoras<br \/>\n9. Personas proveedoras de servicios<br \/>\n10. Personas vinculadas a diferentes programas e iniciativas (Reconocimiento Premios, adhesiones personales al Manifiesto de TSR, adhesiones al Manifiesto por una Econom\u00eda con Prop\u00f3sito...)<\/p>\n<h3 class=\"small\">\u00bfCu\u00e1nto tiempo conservaremos sus datos personales?<\/h3>\n<p class=\"small\">1. Empresas miembros: los datos personales se mantienen mientras la empresa es miembro. En caso de que la empresa notifique nuevas personas de contacto, los datos anteriores se sustituyen inmediatamente y no se conserva el hist\u00f3rico. Cuando la empresa causa baja se guardan los datos obligatoriamente durante 6 a\u00f1os a efectos de comprobaci\u00f3n legal e indefinidamente de forma inoperativa a efectos de constancia del per\u00edodo de alta por archivo definitivo y para posible certificaci\u00f3n de la relaci\u00f3n. Los datos que hacen referencia a contactos personales ser\u00e1n destruidos a petici\u00f3n de la persona afectada en el plazo m\u00e1ximo de 10 d\u00edas si no existe ninguna necesidad legal de dejar constancia del registro.<\/p>\n<p class=\"small\">2. Newsletter: la persona usuaria puede darse de baja totalmente o bien en alguna de las diferentes listas (seg\u00fan lengua, por ejemplo) en cualquier momento y de forma autom\u00e1tica. En caso de baja de todas las listas, el registro de la persona queda en la base datos a efectos de archivo definitivo sin ser destinataria de los env\u00edos masivos.<\/p>\n<p class=\"small\">3. Bolet\u00edn interno: se aplica el mismo criterio que en la newsletter abierta. Cuando la empresa causa baja, se desactivar\u00e1n los destinatarios del bolet\u00edn interno en un plazo m\u00e1ximo de 3 meses.<\/p>\n<p class=\"small\">4. Observatorio de Desarrollo Sostenible: en cualquier momento puede darse de baja y a partir de entonces se conservar\u00e1 al contacto de forma inoperativa a efectos de registro, el cual podr\u00e1 ser destruido a solicitud del interesado.<\/p>\n<p class=\"small\">5. Eventos: m\u00e1ximo un a\u00f1o despu\u00e9s de la fecha en que tiene lugar el evento se eliminan las bases de datos que se han obtenido a tal fin, excepto en el caso de acciones internas (miembros) en las que pueda ser \u00fatil o legalmente necesario disponer de la informaci\u00f3n (asambleas, juntas, grupos de trabajo...).<\/p>\n<p class=\"small\">6. Cursos, RSE.Pyme y Premios: se conservar\u00e1n obligatoriamente durante 6 a\u00f1os a efectos de comprobaci\u00f3n legal e indefinidamente de forma inoperativa a efectos de posible certificaci\u00f3n.<\/p>\n<h3 class=\"small\">\u00bfCu\u00e1l es la legitimaci\u00f3n para el tratamiento de sus datos personales?<\/h3>\n<p>La base legal para el tratamiento de datos es:<\/p>\n<p class=\"small\">1. Empresa miembro: el consentimiento de asociada (relaci\u00f3n contractual). La baja ser\u00e1 efectiva despu\u00e9s de haberlo solicitado a la Junta directiva, en el plazo<br \/>\nm\u00e1ximo de 30 d\u00edas laborables desde la solicitud.<\/p>\n<p class=\"small\">2. Persona destinataria de newsletter o bolet\u00edn interno: el consentimiento expl\u00edcito para recibir estas comunicaciones, o bien la relaci\u00f3n contractual en el caso de las<br \/>\nempresas miembros o vinculadas a programas propios. La baja puede cursarse autom\u00e1ticamente.<\/p>\n<p class=\"small\">3. Empresa miembro de la Relaci\u00f3n de empresas comprometidas del Observatorio del Desarrollo Sostenible: el consentimiento expl\u00edcito para recibir estas<br \/>\ncomunicaciones. La baja se producir\u00e1 en el plazo m\u00e1ximo de 30 d\u00edas h\u00e1biles, descontando per\u00edodos vacacionales, desde la solicitud.<\/p>\n<p class=\"small\">4. Persona participante en eventos: consentimiento expl\u00edcito en el procedimiento de inscripci\u00f3n al evento.<\/p>\n<p class=\"small\">5. Persona participante en cursos, RSE.Pyme y Premios: consentimiento expl\u00edcito en el procedimiento de inscripci\u00f3n en el programa.<\/p>\n<h3 class=\"small\">\u00bfA qu\u00e9 destinatarios se podr\u00e1n comunicar sus datos personales?<\/h3>\n<p class=\"small\">Respon.cat no vende las bases de datos ni hace ning\u00fan uso comercial. En caso de que sea necesario ceder los datos a una tercera entidad en el marco de alguna colaboraci\u00f3n o subcontrataci\u00f3n, y muy especialmente las empresas responsables del tratamiento inform\u00e1tico, siempre quedar\u00e1n protegidas por el marco legal y \u00fanicamente con las finalidades referidas anteriormente.<\/p>\n<p class=\"small\">Hace uso de los datos el equipo t\u00e9cnico de Respon.cat, integrado por personas con relaci\u00f3n laboral o prestadoras de servicios, las cuales est\u00e1n contractualmente comprometidas en respetar esta pol\u00edtica y el marco legal de aplicaci\u00f3n. Los miembros de la junta directiva tambi\u00e9n est\u00e1n sujetos expl\u00edcitamente al cumplimiento en la medida en que puedan tener acceso a ellos.<\/p>\n<p class=\"small\">En la medida en que Respon.cat es una red de empresas y pretende generar interacci\u00f3n entre ellas, se podr\u00e1n compartir los datos de las personas de contacto de cada empresa entre ellas, sin autorizaci\u00f3n previa, tal y como se hace constar en el documento de condiciones de adhesi\u00f3n.<\/p>\n<p class=\"small\">Si en el marco de alg\u00fan programa de colaboraci\u00f3n ser\u00e1 necesario compartir datos, deber\u00e1 detallarse el cumplimiento legal en el convenio o acuerdo de colaboraci\u00f3n e informar espec\u00edficamente de ello a las empresas o personas afectadas pidiendo su conformidad.<\/p>\n<p class=\"small\"><strong>\u00bfCu\u00e1les son sus derechos en relaci\u00f3n con los datos personales?<\/strong><\/p>\n<p class=\"small\">Puede acceder a sus datos personales, as\u00ed como solicitar la rectificaci\u00f3n o la cancelaci\u00f3n cuando los datos ya no sean necesarios para los fines que fueron recogidos, tal y como prev\u00e9 la normativa vigente.<\/p>\n<p class=\"small\">Podr\u00e1 revocar el consentimiento al env\u00edo de comunicaciones automatizadas y ejercer los derechos referidos anteriormente, mediante el env\u00edo de un correo electr\u00f3nico a info@respon.cat o bien a Respon.cat, av. Diagonal 452-454, 08006 de Barcelona.<\/p>\n<p class=\"small\">Si no obtiene una respuesta satisfactoria y desea formular una reclamaci\u00f3n u obtener m\u00e1s informaci\u00f3n de cualquiera de estos derechos, puede dirigirse a la Agencia Espa\u00f1ola de Protecci\u00f3n de Datos (www.agpd.es).<\/p>\n<\/div>\n<\/div><\/div><\/div><\/div><\/div>","protected":false},"excerpt":{"rendered":"<p>Pol\u00edtica de privacidad de datos personales y de env\u00edo de comunicaciones Declaraci\u00f3n responsable La web www.empresesambproposit.cat es propiedad de Associaci\u00f3 Respon.cat, iniciativa per al desenvolupament de la responsabilitat social a Catalunya (en adelante Respon.cat). Respon.cat es una asociaci\u00f3n sin \u00e1nimo de lucro que naci\u00f3 para ser el organismo empresarial de referencia en RSE en Catalunya. Respon.cat manifiesta la voluntad de [&hellip;]<\/p>\n","protected":false},"author":19,"featured_media":0,"parent":0,"menu_order":0,"comment_status":"closed","ping_status":"closed","template":"page-templates\/full-width.php","meta":{"_monsterinsights_skip_tracking":false,"_monsterinsights_sitenote_active":false,"_monsterinsights_sitenote_note":"","_monsterinsights_sitenote_category":0,"footnotes":""},"class_list":["post-13507","page","type-page","status-publish","hentry"],"_links":{"self":[{"href":"https:\/\/empresesambproposit.cat\/es\/wp-json\/wp\/v2\/pages\/13507","targetHints":{"allow":["GET"]}}],"collection":[{"href":"https:\/\/empresesambproposit.cat\/es\/wp-json\/wp\/v2\/pages"}],"about":[{"href":"https:\/\/empresesambproposit.cat\/es\/wp-json\/wp\/v2\/types\/page"}],"author":[{"embeddable":true,"href":"https:\/\/empresesambproposit.cat\/es\/wp-json\/wp\/v2\/users\/19"}],"replies":[{"embeddable":true,"href":"https:\/\/empresesambproposit.cat\/es\/wp-json\/wp\/v2\/comments?post=13507"}],"version-history":[{"count":1,"href":"https:\/\/empresesambproposit.cat\/es\/wp-json\/wp\/v2\/pages\/13507\/revisions"}],"predecessor-version":[{"id":13508,"href":"https:\/\/empresesambproposit.cat\/es\/wp-json\/wp\/v2\/pages\/13507\/revisions\/13508"}],"wp:attachment":[{"href":"https:\/\/empresesambproposit.cat\/es\/wp-json\/wp\/v2\/media?parent=13507"}],"curies":[{"name":"wp","href":"https:\/\/api.w.org\/{rel}","templated":true}]}}